{"id":97,"date":"2018-07-02T14:29:27","date_gmt":"2018-07-02T14:29:27","guid":{"rendered":"https:\/\/www.ricardomartinsgpt.com\/en\/?page_id=97"},"modified":"2026-02-06T09:57:49","modified_gmt":"2026-02-06T09:57:49","slug":"biography","status":"publish","type":"page","link":"https:\/\/www.ricardomartinsgpt.com\/en\/biography\/","title":{"rendered":"Biography"},"content":{"rendered":"\t\t<div data-elementor-type=\"wp-post\" data-elementor-id=\"97\" class=\"elementor elementor-97\" data-elementor-post-type=\"page\">\n\t\t\t\t\t\t<section class=\"elementor-section elementor-top-section elementor-element elementor-element-a8efaac elementor-section-content-middle elementor-section-boxed elementor-section-height-default elementor-section-height-default\" data-id=\"a8efaac\" data-element_type=\"section\" data-e-type=\"section\" data-settings=\"{&quot;background_background&quot;:&quot;classic&quot;}\">\n\t\t\t\t\t\t\t<div class=\"elementor-background-overlay\"><\/div>\n\t\t\t\t\t\t\t<div class=\"elementor-container elementor-column-gap-no\">\n\t\t\t\t\t<div class=\"elementor-column elementor-col-33 elementor-top-column elementor-element elementor-element-6f8c4452\" data-id=\"6f8c4452\" data-element_type=\"column\" data-e-type=\"column\">\n\t\t\t<div class=\"elementor-widget-wrap elementor-element-populated\">\n\t\t\t\t\t\t<div class=\"elementor-element elementor-element-200b06af elementor-widget elementor-widget-heading\" data-id=\"200b06af\" data-element_type=\"widget\" data-e-type=\"widget\" data-widget_type=\"heading.default\">\n\t\t\t\t<div class=\"elementor-widget-container\">\n\t\t\t\t\t<h3 class=\"elementor-heading-title elementor-size-default\">Biography<\/h3>\t\t\t\t<\/div>\n\t\t\t\t<\/div>\n\t\t\t\t<div class=\"elementor-element elementor-element-42b2c0f8 elementor-widget elementor-widget-image\" data-id=\"42b2c0f8\" data-element_type=\"widget\" data-e-type=\"widget\" data-widget_type=\"image.default\">\n\t\t\t\t<div class=\"elementor-widget-container\">\n\t\t\t\t\t\t\t\t\t\t\t\t\t\t\t<img fetchpriority=\"high\" decoding=\"async\" width=\"1000\" height=\"667\" src=\"https:\/\/www.ricardomartinsgpt.com\/en\/wp-content\/uploads\/2018\/05\/imagem_bloco_apresentacao_2.jpg\" class=\"attachment-large size-large wp-image-83\" alt=\"\" srcset=\"https:\/\/www.ricardomartinsgpt.com\/en\/wp-content\/uploads\/2018\/05\/imagem_bloco_apresentacao_2.jpg 1000w, https:\/\/www.ricardomartinsgpt.com\/en\/wp-content\/uploads\/2018\/05\/imagem_bloco_apresentacao_2-300x200.jpg 300w, https:\/\/www.ricardomartinsgpt.com\/en\/wp-content\/uploads\/2018\/05\/imagem_bloco_apresentacao_2-768x512.jpg 768w\" sizes=\"(max-width: 1000px) 100vw, 1000px\" \/>\t\t\t\t\t\t\t\t\t\t\t\t\t\t\t<\/div>\n\t\t\t\t<\/div>\n\t\t\t\t\t<\/div>\n\t\t<\/div>\n\t\t\t\t<div class=\"elementor-column elementor-col-33 elementor-top-column elementor-element elementor-element-3c08fefc\" data-id=\"3c08fefc\" data-element_type=\"column\" data-e-type=\"column\">\n\t\t\t<div class=\"elementor-widget-wrap elementor-element-populated\">\n\t\t\t\t\t\t<div class=\"elementor-element elementor-element-5f807995 elementor-widget elementor-widget-image\" data-id=\"5f807995\" data-element_type=\"widget\" data-e-type=\"widget\" data-widget_type=\"image.default\">\n\t\t\t\t<div class=\"elementor-widget-container\">\n\t\t\t\t\t\t\t\t\t\t\t\t\t\t\t<img decoding=\"async\" width=\"1024\" height=\"683\" src=\"https:\/\/www.ricardomartinsgpt.com\/en\/wp-content\/uploads\/2018\/05\/fundo_bloco_premio_ipma-1024x683.jpg\" class=\"attachment-large size-large wp-image-58\" alt=\"\" srcset=\"https:\/\/www.ricardomartinsgpt.com\/en\/wp-content\/uploads\/2018\/05\/fundo_bloco_premio_ipma-1024x683.jpg 1024w, https:\/\/www.ricardomartinsgpt.com\/en\/wp-content\/uploads\/2018\/05\/fundo_bloco_premio_ipma-300x200.jpg 300w, https:\/\/www.ricardomartinsgpt.com\/en\/wp-content\/uploads\/2018\/05\/fundo_bloco_premio_ipma-768x512.jpg 768w, https:\/\/www.ricardomartinsgpt.com\/en\/wp-content\/uploads\/2018\/05\/fundo_bloco_premio_ipma.jpg 1920w\" sizes=\"(max-width: 1024px) 100vw, 1024px\" \/>\t\t\t\t\t\t\t\t\t\t\t\t\t\t\t<\/div>\n\t\t\t\t<\/div>\n\t\t\t\t<div class=\"elementor-element elementor-element-4fc30ef elementor-view-default elementor-widget elementor-widget-icon\" data-id=\"4fc30ef\" data-element_type=\"widget\" data-e-type=\"widget\" data-widget_type=\"icon.default\">\n\t\t\t\t<div class=\"elementor-widget-container\">\n\t\t\t\t\t\t\t<div class=\"elementor-icon-wrapper\">\n\t\t\t<div class=\"elementor-icon\">\n\t\t\t\t\t\t\t<i class=\"fa fa-quote-left\" aria-hidden=\"true\"><\/i>\n\t\t\t\t\t\t<\/div>\n\t\t<\/div>\n\t\t\t\t\t\t<\/div>\n\t\t\t\t<\/div>\n\t\t\t\t<div class=\"elementor-element elementor-element-48043a1 elementor-widget elementor-widget-text-editor\" data-id=\"48043a1\" data-element_type=\"widget\" data-e-type=\"widget\" data-widget_type=\"text-editor.default\">\n\t\t\t\t<div class=\"elementor-widget-container\">\n\t\t\t\t\t\t\t\t\t<p>Ricardo J. Martins was born in Faro on February 3, 1984.<\/p>\t\t\t\t\t\t\t\t<\/div>\n\t\t\t\t<\/div>\n\t\t\t\t\t<\/div>\n\t\t<\/div>\n\t\t\t\t<div class=\"elementor-column elementor-col-33 elementor-top-column elementor-element elementor-element-1f246be5\" data-id=\"1f246be5\" data-element_type=\"column\" data-e-type=\"column\">\n\t\t\t<div class=\"elementor-widget-wrap elementor-element-populated\">\n\t\t\t\t\t\t<div class=\"elementor-element elementor-element-5c3cf74c elementor-widget elementor-widget-image\" data-id=\"5c3cf74c\" data-element_type=\"widget\" data-e-type=\"widget\" data-widget_type=\"image.default\">\n\t\t\t\t<div class=\"elementor-widget-container\">\n\t\t\t\t\t\t\t\t\t\t\t\t\t\t\t<img decoding=\"async\" width=\"683\" height=\"1024\" src=\"https:\/\/www.ricardomartinsgpt.com\/en\/wp-content\/uploads\/2018\/07\/MF_fadista-7315-683x1024.jpg\" class=\"attachment-large size-large wp-image-150\" alt=\"\" srcset=\"https:\/\/www.ricardomartinsgpt.com\/en\/wp-content\/uploads\/2018\/07\/MF_fadista-7315-683x1024.jpg 683w, https:\/\/www.ricardomartinsgpt.com\/en\/wp-content\/uploads\/2018\/07\/MF_fadista-7315-200x300.jpg 200w, https:\/\/www.ricardomartinsgpt.com\/en\/wp-content\/uploads\/2018\/07\/MF_fadista-7315.jpg 726w\" sizes=\"(max-width: 683px) 100vw, 683px\" \/>\t\t\t\t\t\t\t\t\t\t\t\t\t\t\t<\/div>\n\t\t\t\t<\/div>\n\t\t\t\t\t<\/div>\n\t\t<\/div>\n\t\t\t\t\t<\/div>\n\t\t<\/section>\n\t\t\t\t<section class=\"elementor-section elementor-top-section elementor-element elementor-element-307a9ce elementor-section-content-middle elementor-section-boxed elementor-section-height-default elementor-section-height-default\" data-id=\"307a9ce\" data-element_type=\"section\" data-e-type=\"section\" data-settings=\"{&quot;background_background&quot;:&quot;classic&quot;}\">\n\t\t\t\t\t\t<div class=\"elementor-container elementor-column-gap-no\">\n\t\t\t\t\t<div class=\"elementor-column elementor-col-100 elementor-top-column elementor-element elementor-element-d509205\" data-id=\"d509205\" data-element_type=\"column\" data-e-type=\"column\">\n\t\t\t<div class=\"elementor-widget-wrap elementor-element-populated\">\n\t\t\t\t\t\t<div class=\"elementor-element elementor-element-f597fce elementor-view-default elementor-widget elementor-widget-icon\" data-id=\"f597fce\" data-element_type=\"widget\" data-e-type=\"widget\" data-widget_type=\"icon.default\">\n\t\t\t\t<div class=\"elementor-widget-container\">\n\t\t\t\t\t\t\t<div class=\"elementor-icon-wrapper\">\n\t\t\t<div class=\"elementor-icon\">\n\t\t\t\t\t\t\t<i class=\"fa fa-quote-left\" aria-hidden=\"true\"><\/i>\n\t\t\t\t\t\t<\/div>\n\t\t<\/div>\n\t\t\t\t\t\t<\/div>\n\t\t\t\t<\/div>\n\t\t\t\t<div class=\"elementor-element elementor-element-17c7865e elementor-widget elementor-widget-text-editor\" data-id=\"17c7865e\" data-element_type=\"widget\" data-e-type=\"widget\" data-widget_type=\"text-editor.default\">\n\t\t\t\t<div class=\"elementor-widget-container\">\n\t\t\t\t\t\t\t\t\t<p>Ricardo J. Martins was born in Faro on February 3, 1984. Always influenced by various musical genres he found in Portuguese Guitar how to express his sonorous feelings.<br \/><br \/>Since the first hearing of Carlos Paredes songs, the sound of this instrument showed him the musical path to follow.<br \/><br \/>Although mostly dedicated to accompany Fado, he sees in Portuguese Guitar an enormous capacity as a solo instrument, playing both the Lisbon Guitar and the Coimbra Guitar.<br \/><br \/>He recorded in the year 2014 his first instrumental Portuguese Guitar album called &#8220;Ricardo J. Martins&#8221;, essentially made of adaptations of themes outside the musical environment of Portuguese Guitar and versions of typical songs of the instrument with own arrangements. From this disc stands out the original theme and single &#8220;Dan\u00e7as na Eira&#8221;.<br \/><br \/>Constantly in search of new ways to the instrument, composing and playing, but always without forgetting the roots he edited in 2017 the successor album with the name &#8220;Cantos e Lamentos&#8221;.<br \/><br \/>This work counts with several special participations of musicians and instruments outside the Fado, as it is the case of the recorder, accordion, lyrical voice and percussions, as well as different musical experiences, giving to this work a unique personal stamp that goes from the music Traditional Portuguese music to classical music.<\/p><p>In April 2018 his song \u201cCorre Corre Corridinho\u201d won the prize for \u201cBest Instrumental Music\u201d by the IPMA (International Portuguese Music Awards).<\/p><p>In 2021 he released is third CD \u2013 \u201cEscapismo\u201d &#8211; the tendency to seek distraction and relief from unpleasant realities, especially by seeking entertainment or engaging in fantasy.<\/p><p>The music video for the song \u201cEscapismo\u201d that was filmed in Loul\u00e9\u2019s Salt Mine by videographer Paulo Matos was awarded for Best Video by GEOARTE Festival organized by Portuguese Association of Geologists.<\/p><p>Throughout 11 original themes made for Portuguese Guitar from Lisbon and Coimbra with titles such as: Euphoria, Escapism, Ballad for those who left, Study in D Minor, The Gesture of the Wind, Chora Chorinho, Vira Virou, Alvorada, Visions of the Lower World, Coimbra or Santa Cec\u00edlia we feel this \u201cEscapism\u201d that takes us to such varied musical environments and that makes us travel to remote imaginaries.<\/p><p>Meanwhile, in 2022, a new challenge arose, at the invitation of Silves City Council, to prepare something together with the Blues\/Rock guitarist V\u00edtor Bacalhau.<\/p><p>From this union integrated in the promotion of the Algarvensis Geopark emerged \u201cTerraSul\u201d, an unusual mix of two musical genres with popular roots, such as Fado and Blues, recording in 2022 the first EP entitled \u201cEncruzilhada\u201d and in 2024 the homonymous album \u201cTerraSul\u201d.<br \/><br \/>In his musical career he presented his music in the most different countries: Portugal, Spain, France, Belgium, Romania, Holland, Luxembourg, Bulgaria, Serbia, England, Germany, United States of America, Sweden, Canada, China, Ucr\u00e2nia, India, Venezuela, Kenya, Ethiopia, Albania, Estonia, Australia, Italy, Morroco, Switzerland and Cape Verde.<\/p><p>He had the privilege of playing with great names of our musical panorama as is the case of Viviane (Entre Aspas), Marco Rodrigues, Filipa Cardoso, Ana Sofia Varela, Ilda Maria, Cremilda Medina (Carpe Verde), Ronda dos Quatro Caminhos, Alexandra, Carla Pires, Daniel Pereira Cristo, Nuno Guerreiro, Asad Khan (India), Sharat Chandra Srivastava (India), Juan Farinha (Spain), Fatima Kortobi (Morroco), Cuca Roseta, Alexandra and Pedro J\u00f3ia Trio.<\/p><p>In 2024 Ricardo released \u201cEla&#8230;S\u00f3\u201d (Her&#8230; Alone). A solo Portuguese Guitar work without any accompaniment.<\/p><p>This work has the participation of the musicians Claudio Sousa (Classical Guitar), Lu\u00eds Trindade (Bass &#8211; V\u00edtor Bacalhau), Nelson Concei\u00e7\u00e3o (Accordion), Matt Lester (Transverse Flute), Paulinho L\u00eamos (Guitar), Nat\u00e1lia Boechat (Tambourine), Adriano Alves &#8220;Dinga&#8221; (Bass &#8211; Mariza), Francis Matas (Drums), B\u00e1rbara Santos (Cello), Hugo Gamboias (Portuguese Guitar &#8211; Fado to the Center, In.dia), Amadeu Magalh\u00e3es (Cavaquinho &#8211; Jos\u00e9 Cid, Dulce Pontes, Fausto), Lu\u00eds Peixoto (Bouzouki and Accordion &#8211; J\u00falio Pereira, Ana Bacalhau), Rui Rodrigues (Drums &#8211; Dona Carioca, Big Fat Mamma) and the Sevillian soprano Angeles Nu\u00f1ez (Cantica, Sephardica).<\/p><p>He is currently developing his next work \u2013 Portuguese Guitar and String Quartet<\/p>\t\t\t\t\t\t\t\t<\/div>\n\t\t\t\t<\/div>\n\t\t\t\t\t<\/div>\n\t\t<\/div>\n\t\t\t\t\t<\/div>\n\t\t<\/section>\n\t\t\t\t<section class=\"elementor-section elementor-top-section elementor-element elementor-element-35b89428 elementor-section-height-min-height elementor-section-content-middle elementor-section-boxed elementor-section-height-default elementor-section-items-middle\" data-id=\"35b89428\" data-element_type=\"section\" data-e-type=\"section\" data-settings=\"{&quot;background_background&quot;:&quot;classic&quot;}\">\n\t\t\t\t\t\t\t<div class=\"elementor-background-overlay\"><\/div>\n\t\t\t\t\t\t\t<div class=\"elementor-container elementor-column-gap-no\">\n\t\t\t\t\t<div class=\"elementor-column elementor-col-100 elementor-top-column elementor-element elementor-element-5640ceae\" data-id=\"5640ceae\" data-element_type=\"column\" data-e-type=\"column\">\n\t\t\t<div class=\"elementor-widget-wrap elementor-element-populated\">\n\t\t\t\t\t\t<section class=\"elementor-section elementor-inner-section elementor-element elementor-element-5a85c29 elementor-section-boxed elementor-section-height-default elementor-section-height-default\" data-id=\"5a85c29\" data-element_type=\"section\" data-e-type=\"section\">\n\t\t\t\t\t\t<div class=\"elementor-container elementor-column-gap-default\">\n\t\t\t\t\t<div class=\"elementor-column elementor-col-50 elementor-inner-column elementor-element elementor-element-2c22daf\" data-id=\"2c22daf\" data-element_type=\"column\" data-e-type=\"column\">\n\t\t\t<div class=\"elementor-widget-wrap elementor-element-populated\">\n\t\t\t\t\t\t<div class=\"elementor-element elementor-element-7b8110b5 elementor-widget elementor-widget-text-editor\" data-id=\"7b8110b5\" data-element_type=\"widget\" data-e-type=\"widget\" data-widget_type=\"text-editor.default\">\n\t\t\t\t<div class=\"elementor-widget-container\">\n\t\t\t\t\t\t\t\t\t<p>2018<\/p>\t\t\t\t\t\t\t\t<\/div>\n\t\t\t\t<\/div>\n\t\t\t\t<div class=\"elementor-element elementor-element-33693f06 elementor-widget elementor-widget-heading\" data-id=\"33693f06\" data-element_type=\"widget\" data-e-type=\"widget\" data-widget_type=\"heading.default\">\n\t\t\t\t<div class=\"elementor-widget-container\">\n\t\t\t\t\t<h2 class=\"elementor-heading-title elementor-size-default\">Best Intrumental<br \/>Performance<\/h2>\t\t\t\t<\/div>\n\t\t\t\t<\/div>\n\t\t\t\t<div class=\"elementor-element elementor-element-620defb1 elementor-widget elementor-widget-text-editor\" data-id=\"620defb1\" data-element_type=\"widget\" data-e-type=\"widget\" data-widget_type=\"text-editor.default\">\n\t\t\t\t<div class=\"elementor-widget-container\">\n\t\t\t\t\t\t\t\t\t<p>&#8220;Corre Corre Corridinho&#8221;<\/p>\t\t\t\t\t\t\t\t<\/div>\n\t\t\t\t<\/div>\n\t\t\t\t<div class=\"elementor-element elementor-element-2b9dc314 elementor-widget elementor-widget-image\" data-id=\"2b9dc314\" data-element_type=\"widget\" data-e-type=\"widget\" data-widget_type=\"image.default\">\n\t\t\t\t<div class=\"elementor-widget-container\">\n\t\t\t\t\t\t\t\t\t\t\t\t\t\t\t<img loading=\"lazy\" decoding=\"async\" width=\"245\" height=\"100\" src=\"https:\/\/www.ricardomartinsgpt.com\/en\/wp-content\/uploads\/2018\/05\/IPMA_logo_shadow_transparent.png\" class=\"attachment-large size-large wp-image-53\" alt=\"\" \/>\t\t\t\t\t\t\t\t\t\t\t\t\t\t\t<\/div>\n\t\t\t\t<\/div>\n\t\t\t\t\t<\/div>\n\t\t<\/div>\n\t\t\t\t<div class=\"elementor-column elementor-col-50 elementor-inner-column elementor-element elementor-element-af0ef6c\" data-id=\"af0ef6c\" data-element_type=\"column\" data-e-type=\"column\">\n\t\t\t<div class=\"elementor-widget-wrap elementor-element-populated\">\n\t\t\t\t\t\t<div class=\"elementor-element elementor-element-6cc14f9 elementor-widget elementor-widget-image\" data-id=\"6cc14f9\" data-element_type=\"widget\" data-e-type=\"widget\" data-widget_type=\"image.default\">\n\t\t\t\t<div class=\"elementor-widget-container\">\n\t\t\t\t\t\t\t\t\t\t\t\t\t\t\t<img loading=\"lazy\" decoding=\"async\" width=\"1000\" height=\"896\" src=\"https:\/\/www.ricardomartinsgpt.com\/en\/wp-content\/uploads\/2018\/05\/Ricardo-J.-Martins-2017-Cantos-e-Lamentos.jpg\" class=\"attachment-large size-large wp-image-33\" alt=\"Ricardo Martins\" srcset=\"https:\/\/www.ricardomartinsgpt.com\/en\/wp-content\/uploads\/2018\/05\/Ricardo-J.-Martins-2017-Cantos-e-Lamentos.jpg 1000w, https:\/\/www.ricardomartinsgpt.com\/en\/wp-content\/uploads\/2018\/05\/Ricardo-J.-Martins-2017-Cantos-e-Lamentos-300x269.jpg 300w, https:\/\/www.ricardomartinsgpt.com\/en\/wp-content\/uploads\/2018\/05\/Ricardo-J.-Martins-2017-Cantos-e-Lamentos-768x688.jpg 768w\" sizes=\"(max-width: 1000px) 100vw, 1000px\" \/>\t\t\t\t\t\t\t\t\t\t\t\t\t\t\t<\/div>\n\t\t\t\t<\/div>\n\t\t\t\t<div class=\"elementor-element elementor-element-505d849 elementor-widget elementor-widget-image\" data-id=\"505d849\" data-element_type=\"widget\" data-e-type=\"widget\" data-widget_type=\"image.default\">\n\t\t\t\t<div class=\"elementor-widget-container\">\n\t\t\t\t\t\t\t\t\t\t\t\t\t\t\t<img loading=\"lazy\" decoding=\"async\" width=\"824\" height=\"353\" src=\"https:\/\/www.ricardomartinsgpt.com\/en\/wp-content\/uploads\/2018\/07\/ipma_nominees.png\" class=\"attachment-large size-large wp-image-329\" alt=\"\" srcset=\"https:\/\/www.ricardomartinsgpt.com\/en\/wp-content\/uploads\/2018\/07\/ipma_nominees.png 824w, https:\/\/www.ricardomartinsgpt.com\/en\/wp-content\/uploads\/2018\/07\/ipma_nominees-300x129.png 300w, https:\/\/www.ricardomartinsgpt.com\/en\/wp-content\/uploads\/2018\/07\/ipma_nominees-768x329.png 768w\" sizes=\"(max-width: 824px) 100vw, 824px\" \/>\t\t\t\t\t\t\t\t\t\t\t\t\t\t\t<\/div>\n\t\t\t\t<\/div>\n\t\t\t\t\t<\/div>\n\t\t<\/div>\n\t\t\t\t\t<\/div>\n\t\t<\/section>\n\t\t\t\t\t<\/div>\n\t\t<\/div>\n\t\t\t\t\t<\/div>\n\t\t<\/section>\n\t\t\t\t<section class=\"elementor-section elementor-top-section elementor-element elementor-element-6b9e7e28 elementor-section-content-middle elementor-section-boxed elementor-section-height-default elementor-section-height-default\" data-id=\"6b9e7e28\" data-element_type=\"section\" data-e-type=\"section\" data-settings=\"{&quot;background_background&quot;:&quot;classic&quot;}\">\n\t\t\t\t\t\t<div class=\"elementor-container elementor-column-gap-no\">\n\t\t\t\t\t<div class=\"elementor-column elementor-col-100 elementor-top-column elementor-element elementor-element-3cfab2c\" data-id=\"3cfab2c\" data-element_type=\"column\" data-e-type=\"column\">\n\t\t\t<div class=\"elementor-widget-wrap elementor-element-populated\">\n\t\t\t\t\t\t<div class=\"elementor-element elementor-element-6a15c15e elementor-widget elementor-widget-menu-anchor\" data-id=\"6a15c15e\" data-element_type=\"widget\" data-e-type=\"widget\" data-widget_type=\"menu-anchor.default\">\n\t\t\t\t<div class=\"elementor-widget-container\">\n\t\t\t\t\t\t\t<div class=\"elementor-menu-anchor\" id=\"contactos\"><\/div>\n\t\t\t\t\t\t<\/div>\n\t\t\t\t<\/div>\n\t\t\t\t<div class=\"elementor-element elementor-element-35f2274b elementor-widget elementor-widget-heading\" data-id=\"35f2274b\" data-element_type=\"widget\" data-e-type=\"widget\" data-widget_type=\"heading.default\">\n\t\t\t\t<div class=\"elementor-widget-container\">\n\t\t\t\t\t<h2 class=\"elementor-heading-title elementor-size-default\">Contacts<\/h2>\t\t\t\t<\/div>\n\t\t\t\t<\/div>\n\t\t\t\t<div class=\"elementor-element elementor-element-25e09efc elementor-shape-rounded elementor-grid-0 e-grid-align-center elementor-widget elementor-widget-social-icons\" data-id=\"25e09efc\" data-element_type=\"widget\" data-e-type=\"widget\" data-widget_type=\"social-icons.default\">\n\t\t\t\t<div class=\"elementor-widget-container\">\n\t\t\t\t\t\t\t<div class=\"elementor-social-icons-wrapper elementor-grid\" role=\"list\">\n\t\t\t\t\t\t\t<span class=\"elementor-grid-item\" role=\"listitem\">\n\t\t\t\t\t<a class=\"elementor-icon elementor-social-icon elementor-social-icon-facebook elementor-repeater-item-9c86cde\" href=\"https:\/\/www.facebook.com\/ricardomartinsgpt\/\" target=\"_blank\" rel=\"noopener\">\n\t\t\t\t\t\t<span class=\"elementor-screen-only\">Facebook<\/span>\n\t\t\t\t\t\t\t\t\t\t\t\t\t<i class=\"fa fa-facebook\" aria-hidden=\"true\"><\/i>\n\t\t\t\t\t\t\t\t\t\t\t<\/a>\n\t\t\t\t<\/span>\n\t\t\t\t\t\t\t<span class=\"elementor-grid-item\" role=\"listitem\">\n\t\t\t\t\t<a class=\"elementor-icon elementor-social-icon elementor-social-icon-youtube elementor-repeater-item-31673c9\" href=\"http:\/\/www.youtube.com\/ricardojpmartins\" target=\"_blank\" rel=\"noopener\">\n\t\t\t\t\t\t<span class=\"elementor-screen-only\">Youtube<\/span>\n\t\t\t\t\t\t\t\t\t\t\t\t\t<i class=\"fa fa-youtube\" aria-hidden=\"true\"><\/i>\n\t\t\t\t\t\t\t\t\t\t\t<\/a>\n\t\t\t\t<\/span>\n\t\t\t\t\t\t\t<span class=\"elementor-grid-item\" role=\"listitem\">\n\t\t\t\t\t<a class=\"elementor-icon elementor-social-icon elementor-social-icon-instagram elementor-repeater-item-a1be740\" href=\"https:\/\/www.instagram.com\/ricardoj.martins\/\" target=\"_blank\" rel=\"noopener\">\n\t\t\t\t\t\t<span class=\"elementor-screen-only\">Instagram<\/span>\n\t\t\t\t\t\t\t\t\t\t\t\t\t<i class=\"fa fa-instagram\" aria-hidden=\"true\"><\/i>\n\t\t\t\t\t\t\t\t\t\t\t<\/a>\n\t\t\t\t<\/span>\n\t\t\t\t\t\t\t<span class=\"elementor-grid-item\" role=\"listitem\">\n\t\t\t\t\t<a class=\"elementor-icon elementor-social-icon elementor-social-icon-envelope elementor-repeater-item-3debd95\" href=\"mailto:info@ricardomartinsgpt.com\" target=\"_blank\">\n\t\t\t\t\t\t<span class=\"elementor-screen-only\">Envelope<\/span>\n\t\t\t\t\t\t\t\t\t\t\t\t\t<i class=\"fa fa-envelope\" aria-hidden=\"true\"><\/i>\n\t\t\t\t\t\t\t\t\t\t\t<\/a>\n\t\t\t\t<\/span>\n\t\t\t\t\t<\/div>\n\t\t\t\t\t\t<\/div>\n\t\t\t\t<\/div>\n\t\t\t\t\t<\/div>\n\t\t<\/div>\n\t\t\t\t\t<\/div>\n\t\t<\/section>\n\t\t\t\t<\/div>\n\t\t","protected":false},"excerpt":{"rendered":"<p>Biography Ricardo J. Martins was born in Faro on February 3, 1984. Ricardo J. Martins was born in Faro on&#8230;<\/p>\n","protected":false},"author":3,"featured_media":0,"parent":0,"menu_order":0,"comment_status":"closed","ping_status":"closed","template":"elementor_header_footer","meta":{"footnotes":""},"class_list":["post-97","page","type-page","status-publish","hentry"],"_links":{"self":[{"href":"https:\/\/www.ricardomartinsgpt.com\/en\/wp-json\/wp\/v2\/pages\/97","targetHints":{"allow":["GET"]}}],"collection":[{"href":"https:\/\/www.ricardomartinsgpt.com\/en\/wp-json\/wp\/v2\/pages"}],"about":[{"href":"https:\/\/www.ricardomartinsgpt.com\/en\/wp-json\/wp\/v2\/types\/page"}],"author":[{"embeddable":true,"href":"https:\/\/www.ricardomartinsgpt.com\/en\/wp-json\/wp\/v2\/users\/3"}],"replies":[{"embeddable":true,"href":"https:\/\/www.ricardomartinsgpt.com\/en\/wp-json\/wp\/v2\/comments?post=97"}],"version-history":[{"count":72,"href":"https:\/\/www.ricardomartinsgpt.com\/en\/wp-json\/wp\/v2\/pages\/97\/revisions"}],"predecessor-version":[{"id":657,"href":"https:\/\/www.ricardomartinsgpt.com\/en\/wp-json\/wp\/v2\/pages\/97\/revisions\/657"}],"wp:attachment":[{"href":"https:\/\/www.ricardomartinsgpt.com\/en\/wp-json\/wp\/v2\/media?parent=97"}],"curies":[{"name":"wp","href":"https:\/\/api.w.org\/{rel}","templated":true}]}}